{"id":1416,"date":"2024-02-08T15:01:22","date_gmt":"2024-02-08T14:01:22","guid":{"rendered":"https:\/\/shop.bblech.li\/?page_id=1416"},"modified":"2025-11-11T11:28:52","modified_gmt":"2025-11-11T10:28:52","slug":"shop-2","status":"publish","type":"page","link":"https:\/\/shop.bblech.li\/","title":{"rendered":"Shop"},"content":{"rendered":"<p>Bestellen Sie hier ganz einfach unsere Z\u00e4hleraussenkasten oder Schneef\u00e4nge online. Bei Fragen stehen wir Ihnen gerne zur Verf\u00fcgung.<\/p>\n<p><a href=\"https:\/\/shop.bblech.li\/wp-content\/uploads\/2025\/11\/Bewilligung_ESTI-bis-2026.pdf\">Bewilligung Eidgen\u00f6ssisches Starkstrominspektorat<\/a><\/p>\n\n\n<p class=\"has-white-color has-text-color has-link-color wp-elements-1a3e0b927102dad3525a9095264cdb83\">*<\/p>\n\n\n<div class=\"wp-block-image\">\n<figure class=\"alignleft size-full\"><a href=\"https:\/\/www.bblech.li\/\" target=\"_blank\" rel=\" noreferrer noopener\"><img loading=\"lazy\" decoding=\"async\" width=\"150\" height=\"70\" src=\"https:\/\/shop.bblech.li\/wp-content\/uploads\/2025\/11\/cropped-logoweiss.png\" alt=\"\" class=\"wp-image-1794\"\/><\/a><\/figure><\/div>\n\n\n<p><\/p>\n","protected":false},"excerpt":{"rendered":"<p>Bestellen Sie hier ganz einfach unsere Z\u00e4hleraussenkasten oder Schneef\u00e4nge online. Bei Fragen stehen wir Ihnen gerne zur Verf\u00fcgung. Bewilligung Eidgen\u00f6ssisches Starkstrominspektorat *<\/p>\n","protected":false},"author":1,"featured_media":0,"parent":0,"menu_order":0,"comment_status":"closed","ping_status":"closed","template":"","meta":{"footnotes":""},"class_list":["post-1416","page","type-page","status-publish","hentry"],"_links":{"self":[{"href":"https:\/\/shop.bblech.li\/index.php?rest_route=\/wp\/v2\/pages\/1416","targetHints":{"allow":["GET"]}}],"collection":[{"href":"https:\/\/shop.bblech.li\/index.php?rest_route=\/wp\/v2\/pages"}],"about":[{"href":"https:\/\/shop.bblech.li\/index.php?rest_route=\/wp\/v2\/types\/page"}],"author":[{"embeddable":true,"href":"https:\/\/shop.bblech.li\/index.php?rest_route=\/wp\/v2\/users\/1"}],"replies":[{"embeddable":true,"href":"https:\/\/shop.bblech.li\/index.php?rest_route=%2Fwp%2Fv2%2Fcomments&post=1416"}],"version-history":[{"count":26,"href":"https:\/\/shop.bblech.li\/index.php?rest_route=\/wp\/v2\/pages\/1416\/revisions"}],"predecessor-version":[{"id":1831,"href":"https:\/\/shop.bblech.li\/index.php?rest_route=\/wp\/v2\/pages\/1416\/revisions\/1831"}],"wp:attachment":[{"href":"https:\/\/shop.bblech.li\/index.php?rest_route=%2Fwp%2Fv2%2Fmedia&parent=1416"}],"curies":[{"name":"wp","href":"https:\/\/api.w.org\/{rel}","templated":true}]}}