{"id":1455,"date":"2024-02-09T13:32:38","date_gmt":"2024-02-09T12:32:38","guid":{"rendered":"https:\/\/shop.bblech.li\/?post_type=product&#038;p=1455"},"modified":"2024-03-27T07:56:11","modified_gmt":"2024-03-27T06:56:11","slug":"schneefang-b","status":"publish","type":"product","link":"https:\/\/shop.bblech.li\/?product=schneefang-b","title":{"rendered":"Schneefang B"},"content":{"rendered":"","protected":false},"excerpt":{"rendered":"<p>Aus Chromstahl<br \/>\nSchwarz Pulverbeschichtet (andere Farben auf Anfrage)<\/p>\n<p>Zeichnung:\u00a0 <a href=\"https:\/\/www.bblech.li\/wp-content\/uploads\/2024\/02\/BBAG2383168.pdf\" target=\"_blank\" rel=\"noopener\">BBAG2383168<\/a><\/p>\n<p>Info: Mass\u00e4nderungen oder Spezialschneef\u00e4nge k\u00f6nnen auf Anfrage umgesetzt werden<\/p>\n","protected":false},"featured_media":1465,"template":"","meta":[],"product_brand":[],"product_cat":[52],"product_tag":[],"class_list":{"0":"post-1455","1":"product","2":"type-product","3":"status-publish","4":"has-post-thumbnail","6":"product_cat-schneefang","8":"first","9":"instock","10":"taxable","11":"shipping-taxable","12":"purchasable","13":"product-type-variable","14":"has-default-attributes"},"_links":{"self":[{"href":"https:\/\/shop.bblech.li\/index.php?rest_route=\/wp\/v2\/product\/1455","targetHints":{"allow":["GET"]}}],"collection":[{"href":"https:\/\/shop.bblech.li\/index.php?rest_route=\/wp\/v2\/product"}],"about":[{"href":"https:\/\/shop.bblech.li\/index.php?rest_route=\/wp\/v2\/types\/product"}],"wp:featuredmedia":[{"embeddable":true,"href":"https:\/\/shop.bblech.li\/index.php?rest_route=\/wp\/v2\/media\/1465"}],"wp:attachment":[{"href":"https:\/\/shop.bblech.li\/index.php?rest_route=%2Fwp%2Fv2%2Fmedia&parent=1455"}],"wp:term":[{"taxonomy":"product_brand","embeddable":true,"href":"https:\/\/shop.bblech.li\/index.php?rest_route=%2Fwp%2Fv2%2Fproduct_brand&post=1455"},{"taxonomy":"product_cat","embeddable":true,"href":"https:\/\/shop.bblech.li\/index.php?rest_route=%2Fwp%2Fv2%2Fproduct_cat&post=1455"},{"taxonomy":"product_tag","embeddable":true,"href":"https:\/\/shop.bblech.li\/index.php?rest_route=%2Fwp%2Fv2%2Fproduct_tag&post=1455"}],"curies":[{"name":"wp","href":"https:\/\/api.w.org\/{rel}","templated":true}]}}