{"id":1461,"date":"2024-02-09T13:34:54","date_gmt":"2024-02-09T12:34:54","guid":{"rendered":"https:\/\/shop.bblech.li\/?post_type=product&#038;p=1461"},"modified":"2024-03-27T07:53:47","modified_gmt":"2024-03-27T06:53:47","slug":"schneefang-d","status":"publish","type":"product","link":"https:\/\/shop.bblech.li\/?product=schneefang-d","title":{"rendered":"Schneefang D"},"content":{"rendered":"","protected":false},"excerpt":{"rendered":"<p>Aus Chromstahl<br \/>\nSchwarz Pulverbeschichtet (andere Farben auf Anfrage)<\/p>\n<p>Zeichnung:\u00a0 <a href=\"https:\/\/www.bblech.li\/wp-content\/uploads\/2024\/02\/BBAG2081831.pdf\" target=\"_blank\" rel=\"noopener\">BBAG2081831<\/a><\/p>\n<p>Info: Mass\u00e4nderungen oder Spezialschneef\u00e4nge k\u00f6nnen auf Anfrage umgesetzt werden<\/p>\n<p>&nbsp;<\/p>\n","protected":false},"featured_media":1467,"template":"","meta":[],"product_brand":[],"product_cat":[52],"product_tag":[],"class_list":{"0":"post-1461","1":"product","2":"type-product","3":"status-publish","4":"has-post-thumbnail","6":"product_cat-schneefang","8":"first","9":"instock","10":"taxable","11":"shipping-taxable","12":"purchasable","13":"product-type-variable","14":"has-default-attributes"},"_links":{"self":[{"href":"https:\/\/shop.bblech.li\/index.php?rest_route=\/wp\/v2\/product\/1461","targetHints":{"allow":["GET"]}}],"collection":[{"href":"https:\/\/shop.bblech.li\/index.php?rest_route=\/wp\/v2\/product"}],"about":[{"href":"https:\/\/shop.bblech.li\/index.php?rest_route=\/wp\/v2\/types\/product"}],"wp:featuredmedia":[{"embeddable":true,"href":"https:\/\/shop.bblech.li\/index.php?rest_route=\/wp\/v2\/media\/1467"}],"wp:attachment":[{"href":"https:\/\/shop.bblech.li\/index.php?rest_route=%2Fwp%2Fv2%2Fmedia&parent=1461"}],"wp:term":[{"taxonomy":"product_brand","embeddable":true,"href":"https:\/\/shop.bblech.li\/index.php?rest_route=%2Fwp%2Fv2%2Fproduct_brand&post=1461"},{"taxonomy":"product_cat","embeddable":true,"href":"https:\/\/shop.bblech.li\/index.php?rest_route=%2Fwp%2Fv2%2Fproduct_cat&post=1461"},{"taxonomy":"product_tag","embeddable":true,"href":"https:\/\/shop.bblech.li\/index.php?rest_route=%2Fwp%2Fv2%2Fproduct_tag&post=1461"}],"curies":[{"name":"wp","href":"https:\/\/api.w.org\/{rel}","templated":true}]}}